{"id":1657,"date":"2024-10-06T20:43:38","date_gmt":"2024-10-06T20:43:38","guid":{"rendered":"https:\/\/shoponlineshop.site\/?page_id=1657"},"modified":"2025-01-09T19:27:37","modified_gmt":"2025-01-09T19:27:37","slug":"subtramax","status":"publish","type":"page","link":"https:\/\/shoponlineshop.site\/index.php\/subtramax\/","title":{"rendered":"SUBTRAMAX"},"content":{"rendered":"\t\t<div data-elementor-type=\"wp-page\" data-elementor-id=\"1657\" class=\"elementor elementor-1657\">\n\t\t\t\t\t\t<section class=\"elementor-section elementor-top-section elementor-element elementor-element-41b5039 elementor-section-boxed elementor-section-height-default elementor-section-height-default\" data-id=\"41b5039\" data-element_type=\"section\" data-e-type=\"section\" data-settings=\"{&quot;background_background&quot;:&quot;classic&quot;}\">\n\t\t\t\t\t\t<div class=\"elementor-container elementor-column-gap-default\">\n\t\t\t\t\t<div class=\"elementor-column elementor-col-100 elementor-top-column elementor-element elementor-element-a5ea2ca\" data-id=\"a5ea2ca\" data-element_type=\"column\" data-e-type=\"column\">\n\t\t\t<div class=\"elementor-widget-wrap elementor-element-populated\">\n\t\t\t\t\t\t<div class=\"elementor-element elementor-element-3e798a9 elementor-widget elementor-widget-heading\" data-id=\"3e798a9\" data-element_type=\"widget\" data-e-type=\"widget\" data-widget_type=\"heading.default\">\n\t\t\t\t<div class=\"elementor-widget-container\">\n\t\t\t\t\t<h2 class=\"elementor-heading-title elementor-size-default\">Aproveite nosso super desconto nas compras acima de 2 potes!<\/h2>\t\t\t\t<\/div>\n\t\t\t\t<\/div>\n\t\t\t\t\t<\/div>\n\t\t<\/div>\n\t\t\t\t\t<\/div>\n\t\t<\/section>\n\t\t\t\t<section class=\"elementor-section elementor-top-section elementor-element elementor-element-b560635 elementor-section-boxed elementor-section-height-default elementor-section-height-default\" data-id=\"b560635\" data-element_type=\"section\" data-e-type=\"section\">\n\t\t\t\t\t\t<div class=\"elementor-container elementor-column-gap-default\">\n\t\t\t\t\t<div class=\"elementor-column elementor-col-100 elementor-top-column elementor-element elementor-element-b63fb8e\" data-id=\"b63fb8e\" data-element_type=\"column\" data-e-type=\"column\">\n\t\t\t<div class=\"elementor-widget-wrap elementor-element-populated\">\n\t\t\t\t\t\t<div class=\"elementor-element elementor-element-def62e3 elementor-widget elementor-widget-heading\" data-id=\"def62e3\" data-element_type=\"widget\" data-e-type=\"widget\" data-widget_type=\"heading.default\">\n\t\t\t\t<div class=\"elementor-widget-container\">\n\t\t\t\t\t<h2 class=\"elementor-heading-title elementor-size-default\">COMPRE EM 12X + FRETE GR\u00c1TIS<br> + 30 DIAS DE GARANTIA<\/h2>\t\t\t\t<\/div>\n\t\t\t\t<\/div>\n\t\t\t\t\t<\/div>\n\t\t<\/div>\n\t\t\t\t\t<\/div>\n\t\t<\/section>\n\t\t\t\t<section class=\"elementor-section elementor-top-section elementor-element elementor-element-abd6e1c elementor-section-boxed elementor-section-height-default elementor-section-height-default\" data-id=\"abd6e1c\" data-element_type=\"section\" data-e-type=\"section\" data-settings=\"{&quot;background_background&quot;:&quot;classic&quot;}\">\n\t\t\t\t\t\t<div class=\"elementor-container elementor-column-gap-default\">\n\t\t\t\t\t<div class=\"elementor-column elementor-col-100 elementor-top-column elementor-element elementor-element-9a21a1d\" data-id=\"9a21a1d\" data-element_type=\"column\" data-e-type=\"column\">\n\t\t\t<div class=\"elementor-widget-wrap elementor-element-populated\">\n\t\t\t\t\t\t<div class=\"elementor-element elementor-element-4158b7e elementor-widget elementor-widget-image\" data-id=\"4158b7e\" data-element_type=\"widget\" data-e-type=\"widget\" data-widget_type=\"image.default\">\n\t\t\t\t<div class=\"elementor-widget-container\">\n\t\t\t\t\t\t\t\t\t\t\t\t\t\t\t<img fetchpriority=\"high\" decoding=\"async\" width=\"389\" height=\"393\" src=\"https:\/\/shoponlineshop.site\/wp-content\/uploads\/2025\/01\/Screenshot-2025-01-09-19.23.15.png\" class=\"attachment-large size-large wp-image-1889\" alt=\"\" srcset=\"https:\/\/shoponlineshop.site\/wp-content\/uploads\/2025\/01\/Screenshot-2025-01-09-19.23.15.png 389w, https:\/\/shoponlineshop.site\/wp-content\/uploads\/2025\/01\/Screenshot-2025-01-09-19.23.15-297x300.png 297w, https:\/\/shoponlineshop.site\/wp-content\/uploads\/2025\/01\/Screenshot-2025-01-09-19.23.15-100x100.png 100w\" sizes=\"(max-width: 389px) 100vw, 389px\" \/>\t\t\t\t\t\t\t\t\t\t\t\t\t\t\t<\/div>\n\t\t\t\t<\/div>\n\t\t\t\t\t<\/div>\n\t\t<\/div>\n\t\t\t\t\t<\/div>\n\t\t<\/section>\n\t\t\t\t<section class=\"elementor-section elementor-top-section elementor-element elementor-element-292d9b7 elementor-section-boxed elementor-section-height-default elementor-section-height-default\" data-id=\"292d9b7\" data-element_type=\"section\" data-e-type=\"section\">\n\t\t\t\t\t\t<div class=\"elementor-container elementor-column-gap-default\">\n\t\t\t\t\t<div class=\"elementor-column elementor-col-100 elementor-top-column elementor-element elementor-element-0c63f37\" data-id=\"0c63f37\" data-element_type=\"column\" data-e-type=\"column\">\n\t\t\t<div class=\"elementor-widget-wrap elementor-element-populated\">\n\t\t\t\t\t\t<div class=\"elementor-element elementor-element-6571f89 elementor-mobile-align-center elementor-align-center elementor-widget elementor-widget-button\" data-id=\"6571f89\" data-element_type=\"widget\" data-e-type=\"widget\" data-settings=\"{&quot;_animation_mobile&quot;:&quot;pulse&quot;}\" data-widget_type=\"button.default\">\n\t\t\t\t<div class=\"elementor-widget-container\">\n\t\t\t\t\t\t\t\t\t<div class=\"elementor-button-wrapper\">\n\t\t\t\t\t<a class=\"elementor-button elementor-button-link elementor-size-sm\" href=\"https:\/\/ev.braip.com\/campanhas\/cpa\/camn7kr2p\">\n\t\t\t\t\t\t<span class=\"elementor-button-content-wrapper\">\n\t\t\t\t\t\t\t\t\t<span class=\"elementor-button-text\">DESCONTO + FRETE GR\u00c1TIS AQUI<\/span>\n\t\t\t\t\t<\/span>\n\t\t\t\t\t<\/a>\n\t\t\t\t<\/div>\n\t\t\t\t\t\t\t\t<\/div>\n\t\t\t\t<\/div>\n\t\t\t\t\t<\/div>\n\t\t<\/div>\n\t\t\t\t\t<\/div>\n\t\t<\/section>\n\t\t\t\t<section class=\"elementor-section elementor-top-section elementor-element elementor-element-038f622 elementor-section-boxed elementor-section-height-default elementor-section-height-default\" data-id=\"038f622\" data-element_type=\"section\" data-e-type=\"section\">\n\t\t\t\t\t\t<div class=\"elementor-container elementor-column-gap-default\">\n\t\t\t\t\t<div class=\"elementor-column elementor-col-100 elementor-top-column elementor-element elementor-element-9e67106\" data-id=\"9e67106\" data-element_type=\"column\" data-e-type=\"column\">\n\t\t\t<div class=\"elementor-widget-wrap elementor-element-populated\">\n\t\t\t\t\t\t<div class=\"elementor-element elementor-element-6ce9d17 elementor-widget elementor-widget-image\" data-id=\"6ce9d17\" data-element_type=\"widget\" data-e-type=\"widget\" data-widget_type=\"image.default\">\n\t\t\t\t<div class=\"elementor-widget-container\">\n\t\t\t\t\t\t\t\t\t\t\t\t\t\t\t<img decoding=\"async\" width=\"442\" height=\"117\" src=\"https:\/\/shoponlineshop.site\/wp-content\/uploads\/2024\/09\/Screenshot_2024-09-25_19.30.02-removebg-preview.png\" class=\"attachment-large size-large wp-image-1627\" alt=\"\" srcset=\"https:\/\/shoponlineshop.site\/wp-content\/uploads\/2024\/09\/Screenshot_2024-09-25_19.30.02-removebg-preview.png 442w, https:\/\/shoponlineshop.site\/wp-content\/uploads\/2024\/09\/Screenshot_2024-09-25_19.30.02-removebg-preview-300x79.png 300w\" sizes=\"(max-width: 442px) 100vw, 442px\" \/>\t\t\t\t\t\t\t\t\t\t\t\t\t\t\t<\/div>\n\t\t\t\t<\/div>\n\t\t\t\t\t<\/div>\n\t\t<\/div>\n\t\t\t\t\t<\/div>\n\t\t<\/section>\n\t\t\t\t<section class=\"elementor-section elementor-top-section elementor-element elementor-element-d401627 elementor-section-boxed elementor-section-height-default elementor-section-height-default\" data-id=\"d401627\" data-element_type=\"section\" data-e-type=\"section\">\n\t\t\t\t\t\t<div class=\"elementor-container elementor-column-gap-default\">\n\t\t\t\t\t<div class=\"elementor-column elementor-col-100 elementor-top-column elementor-element elementor-element-3abc126\" data-id=\"3abc126\" data-element_type=\"column\" data-e-type=\"column\">\n\t\t\t<div class=\"elementor-widget-wrap elementor-element-populated\">\n\t\t\t\t\t\t<div class=\"elementor-element elementor-element-e396d3a elementor-widget elementor-widget-heading\" data-id=\"e396d3a\" data-element_type=\"widget\" data-e-type=\"widget\" data-widget_type=\"heading.default\">\n\t\t\t\t<div class=\"elementor-widget-container\">\n\t\t\t\t\t<h2 class=\"elementor-heading-title elementor-size-default\">Aviso legal: Isso n\u00e3o \u00e9 uma prescri\u00e7\u00e3o m\u00e9dica, consulte seu m\u00e9dico de confian\u00e7a. SUBTRAMAX \u00e9 aprovado pelas normas RDC 240\/18 da Anvisa e por se tratar de um produto natural fica isento de registro. <\/h2>\t\t\t\t<\/div>\n\t\t\t\t<\/div>\n\t\t\t\t\t<\/div>\n\t\t<\/div>\n\t\t\t\t\t<\/div>\n\t\t<\/section>\n\t\t\t\t<section class=\"elementor-section elementor-top-section elementor-element elementor-element-795125d elementor-section-boxed elementor-section-height-default elementor-section-height-default\" data-id=\"795125d\" data-element_type=\"section\" data-e-type=\"section\">\n\t\t\t\t\t\t<div class=\"elementor-container elementor-column-gap-default\">\n\t\t\t\t\t<div class=\"elementor-column elementor-col-100 elementor-top-column elementor-element elementor-element-31a7f35\" data-id=\"31a7f35\" data-element_type=\"column\" data-e-type=\"column\">\n\t\t\t<div class=\"elementor-widget-wrap elementor-element-populated\">\n\t\t\t\t\t\t<div class=\"elementor-element elementor-element-892081a elementor-widget elementor-widget-heading\" data-id=\"892081a\" data-element_type=\"widget\" data-e-type=\"widget\" data-widget_type=\"heading.default\">\n\t\t\t\t<div class=\"elementor-widget-container\">\n\t\t\t\t\t<h2 class=\"elementor-heading-title elementor-size-default\"><a href=\"https:\/\/ev.braip.com\/campanhas\/cpa\/camn7kr2p\">Pol\u00edticas de Privacidade<\/a><\/h2>\t\t\t\t<\/div>\n\t\t\t\t<\/div>\n\t\t\t\t\t<\/div>\n\t\t<\/div>\n\t\t\t\t\t<\/div>\n\t\t<\/section>\n\t\t\t\t<\/div>\n\t\t","protected":false},"excerpt":{"rendered":"<p>Aproveite nosso super desconto nas compras acima de 2 potes! COMPRE EM 12X + FRETE GR\u00c1TIS + 30 DIAS DE GARANTIA DESCONTO + FRETE GR\u00c1TIS AQUI Aviso legal: Isso n\u00e3o \u00e9 uma prescri\u00e7\u00e3o m\u00e9dica, consulte seu m\u00e9dico de confian\u00e7a. SUBTRAMAX \u00e9 aprovado pelas normas RDC 240\/18 da Anvisa e por se tratar de um produto &hellip;<\/p>\n<p class=\"read-more\"> <a class=\"\" href=\"https:\/\/shoponlineshop.site\/index.php\/subtramax\/\"> <span class=\"screen-reader-text\">SUBTRAMAX<\/span> Read More &raquo;<\/a><\/p>\n","protected":false},"author":1,"featured_media":0,"parent":0,"menu_order":0,"comment_status":"closed","ping_status":"closed","template":"elementor_canvas","meta":{"site-sidebar-layout":"no-sidebar","site-content-layout":"page-builder","ast-global-header-display":"","ast-banner-title-visibility":"","ast-main-header-display":"","ast-hfb-above-header-display":"","ast-hfb-below-header-display":"","ast-hfb-mobile-header-display":"","site-post-title":"disabled","ast-breadcrumbs-content":"","ast-featured-img":"disabled","footer-sml-layout":"","theme-transparent-header-meta":"","adv-header-id-meta":"","stick-header-meta":"","header-above-stick-meta":"","header-main-stick-meta":"","header-below-stick-meta":"","footnotes":""},"class_list":["post-1657","page","type-page","status-publish","hentry"],"_links":{"self":[{"href":"https:\/\/shoponlineshop.site\/index.php\/wp-json\/wp\/v2\/pages\/1657","targetHints":{"allow":["GET"]}}],"collection":[{"href":"https:\/\/shoponlineshop.site\/index.php\/wp-json\/wp\/v2\/pages"}],"about":[{"href":"https:\/\/shoponlineshop.site\/index.php\/wp-json\/wp\/v2\/types\/page"}],"author":[{"embeddable":true,"href":"https:\/\/shoponlineshop.site\/index.php\/wp-json\/wp\/v2\/users\/1"}],"replies":[{"embeddable":true,"href":"https:\/\/shoponlineshop.site\/index.php\/wp-json\/wp\/v2\/comments?post=1657"}],"version-history":[{"count":56,"href":"https:\/\/shoponlineshop.site\/index.php\/wp-json\/wp\/v2\/pages\/1657\/revisions"}],"predecessor-version":[{"id":1898,"href":"https:\/\/shoponlineshop.site\/index.php\/wp-json\/wp\/v2\/pages\/1657\/revisions\/1898"}],"wp:attachment":[{"href":"https:\/\/shoponlineshop.site\/index.php\/wp-json\/wp\/v2\/media?parent=1657"}],"curies":[{"name":"wp","href":"https:\/\/api.w.org\/{rel}","templated":true}]}}