{"id":1776,"date":"2024-10-23T15:18:11","date_gmt":"2024-10-23T15:18:11","guid":{"rendered":"https:\/\/shoponlineshop.site\/?page_id=1776"},"modified":"2025-01-10T18:46:39","modified_gmt":"2025-01-10T18:46:39","slug":"vertvital","status":"publish","type":"page","link":"https:\/\/shoponlineshop.site\/index.php\/vertvital\/","title":{"rendered":"Vertvital"},"content":{"rendered":"\t\t<div data-elementor-type=\"wp-page\" data-elementor-id=\"1776\" class=\"elementor elementor-1776\">\n\t\t\t\t\t\t<section class=\"elementor-section elementor-top-section elementor-element elementor-element-cd9de1c elementor-section-boxed elementor-section-height-default elementor-section-height-default\" data-id=\"cd9de1c\" data-element_type=\"section\" data-e-type=\"section\" data-settings=\"{&quot;background_background&quot;:&quot;classic&quot;}\">\n\t\t\t\t\t\t<div class=\"elementor-container elementor-column-gap-default\">\n\t\t\t\t\t<div class=\"elementor-column elementor-col-100 elementor-top-column elementor-element elementor-element-a22fedf\" data-id=\"a22fedf\" data-element_type=\"column\" data-e-type=\"column\">\n\t\t\t<div class=\"elementor-widget-wrap elementor-element-populated\">\n\t\t\t\t\t\t<div class=\"elementor-element elementor-element-2e5b1f0 elementor-widget elementor-widget-heading\" data-id=\"2e5b1f0\" data-element_type=\"widget\" data-e-type=\"widget\" data-widget_type=\"heading.default\">\n\t\t\t\t<div class=\"elementor-widget-container\">\n\t\t\t\t\t<h2 class=\"elementor-heading-title elementor-size-default\">Aproveite hoje <br>nosso super desconto de at\u00e9 53%<\/h2>\t\t\t\t<\/div>\n\t\t\t\t<\/div>\n\t\t\t\t\t<\/div>\n\t\t<\/div>\n\t\t\t\t\t<\/div>\n\t\t<\/section>\n\t\t\t\t<section class=\"elementor-section elementor-top-section elementor-element elementor-element-0a47549 elementor-section-boxed elementor-section-height-default elementor-section-height-default\" data-id=\"0a47549\" data-element_type=\"section\" data-e-type=\"section\">\n\t\t\t\t\t\t<div class=\"elementor-container elementor-column-gap-default\">\n\t\t\t\t\t<div class=\"elementor-column elementor-col-100 elementor-top-column elementor-element elementor-element-c2ff35c\" data-id=\"c2ff35c\" data-element_type=\"column\" data-e-type=\"column\">\n\t\t\t<div class=\"elementor-widget-wrap elementor-element-populated\">\n\t\t\t\t\t\t<div class=\"elementor-element elementor-element-ae4f7fd elementor-widget elementor-widget-heading\" data-id=\"ae4f7fd\" data-element_type=\"widget\" data-e-type=\"widget\" data-widget_type=\"heading.default\">\n\t\t\t\t<div class=\"elementor-widget-container\">\n\t\t\t\t\t<h2 class=\"elementor-heading-title elementor-size-default\">COMPRE EM 12X + FRETE GR\u00c1TIS + 30 DIAS DE GARANTIA<\/h2>\t\t\t\t<\/div>\n\t\t\t\t<\/div>\n\t\t\t\t\t<\/div>\n\t\t<\/div>\n\t\t\t\t\t<\/div>\n\t\t<\/section>\n\t\t\t\t<section class=\"elementor-section elementor-top-section elementor-element elementor-element-baec84f elementor-section-boxed elementor-section-height-default elementor-section-height-default\" data-id=\"baec84f\" data-element_type=\"section\" data-e-type=\"section\">\n\t\t\t\t\t\t<div class=\"elementor-container elementor-column-gap-default\">\n\t\t\t\t\t<div class=\"elementor-column elementor-col-100 elementor-top-column elementor-element elementor-element-b0c0534\" data-id=\"b0c0534\" data-element_type=\"column\" data-e-type=\"column\">\n\t\t\t<div class=\"elementor-widget-wrap elementor-element-populated\">\n\t\t\t\t\t\t<div class=\"elementor-element elementor-element-05974b7 elementor-widget elementor-widget-image\" data-id=\"05974b7\" data-element_type=\"widget\" data-e-type=\"widget\" data-widget_type=\"image.default\">\n\t\t\t\t<div class=\"elementor-widget-container\">\n\t\t\t\t\t\t\t\t\t\t\t\t\t\t\t<img fetchpriority=\"high\" decoding=\"async\" width=\"300\" height=\"300\" src=\"https:\/\/shoponlineshop.site\/wp-content\/uploads\/2025\/01\/Design-sem-nome-4-300x300.png\" class=\"attachment-medium size-medium wp-image-1899\" alt=\"\" srcset=\"https:\/\/shoponlineshop.site\/wp-content\/uploads\/2025\/01\/Design-sem-nome-4-300x300.png 300w, https:\/\/shoponlineshop.site\/wp-content\/uploads\/2025\/01\/Design-sem-nome-4-1024x1024.png 1024w, https:\/\/shoponlineshop.site\/wp-content\/uploads\/2025\/01\/Design-sem-nome-4-150x150.png 150w, https:\/\/shoponlineshop.site\/wp-content\/uploads\/2025\/01\/Design-sem-nome-4-768x768.png 768w, https:\/\/shoponlineshop.site\/wp-content\/uploads\/2025\/01\/Design-sem-nome-4-600x600.png 600w, https:\/\/shoponlineshop.site\/wp-content\/uploads\/2025\/01\/Design-sem-nome-4-100x100.png 100w, https:\/\/shoponlineshop.site\/wp-content\/uploads\/2025\/01\/Design-sem-nome-4.png 1080w\" sizes=\"(max-width: 300px) 100vw, 300px\" \/>\t\t\t\t\t\t\t\t\t\t\t\t\t\t\t<\/div>\n\t\t\t\t<\/div>\n\t\t\t\t\t<\/div>\n\t\t<\/div>\n\t\t\t\t\t<\/div>\n\t\t<\/section>\n\t\t\t\t<section class=\"elementor-section elementor-top-section elementor-element elementor-element-9c3e12f elementor-section-boxed elementor-section-height-default elementor-section-height-default\" data-id=\"9c3e12f\" data-element_type=\"section\" data-e-type=\"section\">\n\t\t\t\t\t\t<div class=\"elementor-container elementor-column-gap-default\">\n\t\t\t\t\t<div class=\"elementor-column elementor-col-100 elementor-top-column elementor-element elementor-element-04b4b13\" data-id=\"04b4b13\" data-element_type=\"column\" data-e-type=\"column\">\n\t\t\t<div class=\"elementor-widget-wrap elementor-element-populated\">\n\t\t\t\t\t\t<div class=\"elementor-element elementor-element-fed00b2 elementor-mobile-align-center elementor-align-center elementor-invisible elementor-widget elementor-widget-button\" data-id=\"fed00b2\" data-element_type=\"widget\" data-e-type=\"widget\" data-settings=\"{&quot;_animation_mobile&quot;:&quot;pulse&quot;,&quot;_animation&quot;:&quot;bounceIn&quot;}\" data-widget_type=\"button.default\">\n\t\t\t\t<div class=\"elementor-widget-container\">\n\t\t\t\t\t\t\t\t\t<div class=\"elementor-button-wrapper\">\n\t\t\t\t\t<a class=\"elementor-button elementor-button-link elementor-size-sm\" href=\"https:\/\/ev.braip.com\/campanhas\/cpa\/camvm1p9k\">\n\t\t\t\t\t\t<span class=\"elementor-button-content-wrapper\">\n\t\t\t\t\t\t\t\t\t<span class=\"elementor-button-text\">DESCONTO + FRETE GR\u00c1TIS AQUI<\/span>\n\t\t\t\t\t<\/span>\n\t\t\t\t\t<\/a>\n\t\t\t\t<\/div>\n\t\t\t\t\t\t\t\t<\/div>\n\t\t\t\t<\/div>\n\t\t\t\t\t<\/div>\n\t\t<\/div>\n\t\t\t\t\t<\/div>\n\t\t<\/section>\n\t\t\t\t<section class=\"elementor-section elementor-top-section elementor-element elementor-element-34a65be elementor-section-boxed elementor-section-height-default elementor-section-height-default\" data-id=\"34a65be\" data-element_type=\"section\" data-e-type=\"section\">\n\t\t\t\t\t\t<div class=\"elementor-container elementor-column-gap-default\">\n\t\t\t\t\t<div class=\"elementor-column elementor-col-100 elementor-top-column elementor-element elementor-element-e661025\" data-id=\"e661025\" data-element_type=\"column\" data-e-type=\"column\">\n\t\t\t<div class=\"elementor-widget-wrap elementor-element-populated\">\n\t\t\t\t\t\t<div class=\"elementor-element elementor-element-fb6f963 elementor-widget elementor-widget-image\" data-id=\"fb6f963\" data-element_type=\"widget\" data-e-type=\"widget\" data-widget_type=\"image.default\">\n\t\t\t\t<div class=\"elementor-widget-container\">\n\t\t\t\t\t\t\t\t\t\t\t\t\t\t\t<img decoding=\"async\" width=\"442\" height=\"117\" src=\"https:\/\/shoponlineshop.site\/wp-content\/uploads\/2024\/09\/Screenshot_2024-09-25_19.30.02-removebg-preview.png\" class=\"attachment-large size-large wp-image-1627\" alt=\"\" srcset=\"https:\/\/shoponlineshop.site\/wp-content\/uploads\/2024\/09\/Screenshot_2024-09-25_19.30.02-removebg-preview.png 442w, https:\/\/shoponlineshop.site\/wp-content\/uploads\/2024\/09\/Screenshot_2024-09-25_19.30.02-removebg-preview-300x79.png 300w\" sizes=\"(max-width: 442px) 100vw, 442px\" \/>\t\t\t\t\t\t\t\t\t\t\t\t\t\t\t<\/div>\n\t\t\t\t<\/div>\n\t\t\t\t\t<\/div>\n\t\t<\/div>\n\t\t\t\t\t<\/div>\n\t\t<\/section>\n\t\t\t\t<section class=\"elementor-section elementor-top-section elementor-element elementor-element-c90f63d elementor-section-boxed elementor-section-height-default elementor-section-height-default\" data-id=\"c90f63d\" data-element_type=\"section\" data-e-type=\"section\">\n\t\t\t\t\t\t<div class=\"elementor-container elementor-column-gap-default\">\n\t\t\t\t\t<div class=\"elementor-column elementor-col-100 elementor-top-column elementor-element elementor-element-c4d1008\" data-id=\"c4d1008\" data-element_type=\"column\" data-e-type=\"column\">\n\t\t\t<div class=\"elementor-widget-wrap elementor-element-populated\">\n\t\t\t\t\t\t<div class=\"elementor-element elementor-element-b62d042 elementor-widget elementor-widget-heading\" data-id=\"b62d042\" data-element_type=\"widget\" data-e-type=\"widget\" data-widget_type=\"heading.default\">\n\t\t\t\t<div class=\"elementor-widget-container\">\n\t\t\t\t\t<h2 class=\"elementor-heading-title elementor-size-default\">Aviso legal: Isso n\u00e3o \u00e9 uma prescri\u00e7\u00e3o m\u00e9dica, consulte seu m\u00e9dico de confian\u00e7a. Vertvital \u00e9 aprovado pelas normas RDC 240\/18 da Anvisa e por se tratar de um produto natural fica isento de registro. <\/h2>\t\t\t\t<\/div>\n\t\t\t\t<\/div>\n\t\t\t\t\t<\/div>\n\t\t<\/div>\n\t\t\t\t\t<\/div>\n\t\t<\/section>\n\t\t\t\t<section class=\"elementor-section elementor-top-section elementor-element elementor-element-811f744 elementor-section-boxed elementor-section-height-default elementor-section-height-default\" data-id=\"811f744\" data-element_type=\"section\" data-e-type=\"section\">\n\t\t\t\t\t\t<div class=\"elementor-container elementor-column-gap-default\">\n\t\t\t\t\t<div class=\"elementor-column elementor-col-100 elementor-top-column elementor-element elementor-element-94a5174\" data-id=\"94a5174\" data-element_type=\"column\" data-e-type=\"column\">\n\t\t\t<div class=\"elementor-widget-wrap elementor-element-populated\">\n\t\t\t\t\t\t<div class=\"elementor-element elementor-element-5f1c1aa elementor-widget elementor-widget-heading\" data-id=\"5f1c1aa\" data-element_type=\"widget\" data-e-type=\"widget\" data-widget_type=\"heading.default\">\n\t\t\t\t<div class=\"elementor-widget-container\">\n\t\t\t\t\t<h2 class=\"elementor-heading-title elementor-size-default\"><a href=\"https:\/\/ev.braip.com\/campanhas\/cpa\/camvm1p9k\">Pol\u00edticas de Privacidade<\/a><\/h2>\t\t\t\t<\/div>\n\t\t\t\t<\/div>\n\t\t\t\t\t<\/div>\n\t\t<\/div>\n\t\t\t\t\t<\/div>\n\t\t<\/section>\n\t\t\t\t<\/div>\n\t\t","protected":false},"excerpt":{"rendered":"<p>Aproveite hoje nosso super desconto de at\u00e9 53% COMPRE EM 12X + FRETE GR\u00c1TIS + 30 DIAS DE GARANTIA DESCONTO + FRETE GR\u00c1TIS AQUI Aviso legal: Isso n\u00e3o \u00e9 uma prescri\u00e7\u00e3o m\u00e9dica, consulte seu m\u00e9dico de confian\u00e7a. Vertvital \u00e9 aprovado pelas normas RDC 240\/18 da Anvisa e por se tratar de um produto natural fica &hellip;<\/p>\n<p class=\"read-more\"> <a class=\"\" href=\"https:\/\/shoponlineshop.site\/index.php\/vertvital\/\"> <span class=\"screen-reader-text\">Vertvital<\/span> Read More &raquo;<\/a><\/p>\n","protected":false},"author":1,"featured_media":0,"parent":0,"menu_order":0,"comment_status":"closed","ping_status":"closed","template":"elementor_canvas","meta":{"site-sidebar-layout":"no-sidebar","site-content-layout":"page-builder","ast-global-header-display":"","ast-banner-title-visibility":"","ast-main-header-display":"","ast-hfb-above-header-display":"","ast-hfb-below-header-display":"","ast-hfb-mobile-header-display":"","site-post-title":"disabled","ast-breadcrumbs-content":"","ast-featured-img":"disabled","footer-sml-layout":"","theme-transparent-header-meta":"","adv-header-id-meta":"","stick-header-meta":"","header-above-stick-meta":"","header-main-stick-meta":"","header-below-stick-meta":"","footnotes":""},"class_list":["post-1776","page","type-page","status-publish","hentry"],"_links":{"self":[{"href":"https:\/\/shoponlineshop.site\/index.php\/wp-json\/wp\/v2\/pages\/1776","targetHints":{"allow":["GET"]}}],"collection":[{"href":"https:\/\/shoponlineshop.site\/index.php\/wp-json\/wp\/v2\/pages"}],"about":[{"href":"https:\/\/shoponlineshop.site\/index.php\/wp-json\/wp\/v2\/types\/page"}],"author":[{"embeddable":true,"href":"https:\/\/shoponlineshop.site\/index.php\/wp-json\/wp\/v2\/users\/1"}],"replies":[{"embeddable":true,"href":"https:\/\/shoponlineshop.site\/index.php\/wp-json\/wp\/v2\/comments?post=1776"}],"version-history":[{"count":13,"href":"https:\/\/shoponlineshop.site\/index.php\/wp-json\/wp\/v2\/pages\/1776\/revisions"}],"predecessor-version":[{"id":1906,"href":"https:\/\/shoponlineshop.site\/index.php\/wp-json\/wp\/v2\/pages\/1776\/revisions\/1906"}],"wp:attachment":[{"href":"https:\/\/shoponlineshop.site\/index.php\/wp-json\/wp\/v2\/media?parent=1776"}],"curies":[{"name":"wp","href":"https:\/\/api.w.org\/{rel}","templated":true}]}}