{"id":1796,"date":"2024-10-29T17:37:51","date_gmt":"2024-10-29T17:37:51","guid":{"rendered":"https:\/\/shoponlineshop.site\/?page_id=1796"},"modified":"2024-10-30T11:07:38","modified_gmt":"2024-10-30T11:07:38","slug":"insubeta","status":"publish","type":"page","link":"https:\/\/shoponlineshop.site\/index.php\/insubeta\/","title":{"rendered":"InsuBeta"},"content":{"rendered":"\t\t<div data-elementor-type=\"wp-page\" data-elementor-id=\"1796\" class=\"elementor elementor-1796\">\n\t\t\t\t\t\t<section class=\"elementor-section elementor-top-section elementor-element elementor-element-5e56dd1 elementor-section-boxed elementor-section-height-default elementor-section-height-default\" data-id=\"5e56dd1\" data-element_type=\"section\" data-e-type=\"section\" data-settings=\"{&quot;background_background&quot;:&quot;classic&quot;}\">\n\t\t\t\t\t\t<div class=\"elementor-container elementor-column-gap-default\">\n\t\t\t\t\t<div class=\"elementor-column elementor-col-100 elementor-top-column elementor-element elementor-element-85bf1ee\" data-id=\"85bf1ee\" data-element_type=\"column\" data-e-type=\"column\">\n\t\t\t<div class=\"elementor-widget-wrap elementor-element-populated\">\n\t\t\t\t\t\t<div class=\"elementor-element elementor-element-36cb3e1 elementor-widget elementor-widget-heading\" data-id=\"36cb3e1\" data-element_type=\"widget\" data-e-type=\"widget\" data-widget_type=\"heading.default\">\n\t\t\t\t<div class=\"elementor-widget-container\">\n\t\t\t\t\t<h2 class=\"elementor-heading-title elementor-size-default\">aten\u00e7\u00e3o: devido a alta procura o estoque est\u00e1 limitado em apenas 1 compra por cliente<\/h2>\t\t\t\t<\/div>\n\t\t\t\t<\/div>\n\t\t\t\t\t<\/div>\n\t\t<\/div>\n\t\t\t\t\t<\/div>\n\t\t<\/section>\n\t\t\t\t<section class=\"elementor-section elementor-top-section elementor-element elementor-element-669168a elementor-section-boxed elementor-section-height-default elementor-section-height-default\" data-id=\"669168a\" data-element_type=\"section\" data-e-type=\"section\">\n\t\t\t\t\t\t<div class=\"elementor-container elementor-column-gap-default\">\n\t\t\t\t\t<div class=\"elementor-column elementor-col-100 elementor-top-column elementor-element elementor-element-048600a\" data-id=\"048600a\" data-element_type=\"column\" data-e-type=\"column\">\n\t\t\t<div class=\"elementor-widget-wrap elementor-element-populated\">\n\t\t\t\t\t\t<div class=\"elementor-element elementor-element-0f4f5b9 elementor-widget elementor-widget-heading\" data-id=\"0f4f5b9\" data-element_type=\"widget\" data-e-type=\"widget\" data-widget_type=\"heading.default\">\n\t\t\t\t<div class=\"elementor-widget-container\">\n\t\t\t\t\t<h2 class=\"elementor-heading-title elementor-size-default\">COMPRE EM 12X + FRETE GR\u00c1TIS + 90 DIAS DE GARANTIA<\/h2>\t\t\t\t<\/div>\n\t\t\t\t<\/div>\n\t\t\t\t\t<\/div>\n\t\t<\/div>\n\t\t\t\t\t<\/div>\n\t\t<\/section>\n\t\t\t\t<section class=\"elementor-section elementor-top-section elementor-element elementor-element-ccba257 elementor-section-boxed elementor-section-height-default elementor-section-height-default\" data-id=\"ccba257\" data-element_type=\"section\" data-e-type=\"section\">\n\t\t\t\t\t\t<div class=\"elementor-container elementor-column-gap-default\">\n\t\t\t\t\t<div class=\"elementor-column elementor-col-100 elementor-top-column elementor-element elementor-element-10efefa\" data-id=\"10efefa\" data-element_type=\"column\" data-e-type=\"column\">\n\t\t\t<div class=\"elementor-widget-wrap elementor-element-populated\">\n\t\t\t\t\t\t<div class=\"elementor-element elementor-element-e5cc001 elementor-widget elementor-widget-image\" data-id=\"e5cc001\" data-element_type=\"widget\" data-e-type=\"widget\" data-widget_type=\"image.default\">\n\t\t\t\t<div class=\"elementor-widget-container\">\n\t\t\t\t\t\t\t\t\t\t\t\t\t\t\t<img fetchpriority=\"high\" decoding=\"async\" width=\"1024\" height=\"1024\" src=\"https:\/\/shoponlineshop.site\/wp-content\/uploads\/2024\/10\/Design-sem-nome-6-1024x1024.png\" class=\"attachment-large size-large wp-image-1805\" alt=\"\" srcset=\"https:\/\/shoponlineshop.site\/wp-content\/uploads\/2024\/10\/Design-sem-nome-6-1024x1024.png 1024w, https:\/\/shoponlineshop.site\/wp-content\/uploads\/2024\/10\/Design-sem-nome-6-300x300.png 300w, https:\/\/shoponlineshop.site\/wp-content\/uploads\/2024\/10\/Design-sem-nome-6-150x150.png 150w, https:\/\/shoponlineshop.site\/wp-content\/uploads\/2024\/10\/Design-sem-nome-6-768x768.png 768w, https:\/\/shoponlineshop.site\/wp-content\/uploads\/2024\/10\/Design-sem-nome-6-600x600.png 600w, https:\/\/shoponlineshop.site\/wp-content\/uploads\/2024\/10\/Design-sem-nome-6-100x100.png 100w, https:\/\/shoponlineshop.site\/wp-content\/uploads\/2024\/10\/Design-sem-nome-6.png 1080w\" sizes=\"(max-width: 1024px) 100vw, 1024px\" \/>\t\t\t\t\t\t\t\t\t\t\t\t\t\t\t<\/div>\n\t\t\t\t<\/div>\n\t\t\t\t\t<\/div>\n\t\t<\/div>\n\t\t\t\t\t<\/div>\n\t\t<\/section>\n\t\t\t\t<section class=\"elementor-section elementor-top-section elementor-element elementor-element-9786ea2 elementor-section-boxed elementor-section-height-default elementor-section-height-default\" data-id=\"9786ea2\" data-element_type=\"section\" data-e-type=\"section\">\n\t\t\t\t\t\t<div class=\"elementor-container elementor-column-gap-default\">\n\t\t\t\t\t<div class=\"elementor-column elementor-col-100 elementor-top-column elementor-element elementor-element-ab80939\" data-id=\"ab80939\" data-element_type=\"column\" data-e-type=\"column\">\n\t\t\t<div class=\"elementor-widget-wrap elementor-element-populated\">\n\t\t\t\t\t\t<div class=\"elementor-element elementor-element-29dbf09 elementor-mobile-align-center elementor-widget elementor-widget-button\" data-id=\"29dbf09\" data-element_type=\"widget\" data-e-type=\"widget\" data-settings=\"{&quot;_animation_mobile&quot;:&quot;pulse&quot;}\" data-widget_type=\"button.default\">\n\t\t\t\t<div class=\"elementor-widget-container\">\n\t\t\t\t\t\t\t\t\t<div class=\"elementor-button-wrapper\">\n\t\t\t\t\t<a class=\"elementor-button elementor-button-link elementor-size-sm\" href=\"https:\/\/insubeta.com\/\">\n\t\t\t\t\t\t<span class=\"elementor-button-content-wrapper\">\n\t\t\t\t\t\t\t\t\t<span class=\"elementor-button-text\">QUERO TODOS OS BENEF\u00cdCIOS<\/span>\n\t\t\t\t\t<\/span>\n\t\t\t\t\t<\/a>\n\t\t\t\t<\/div>\n\t\t\t\t\t\t\t\t<\/div>\n\t\t\t\t<\/div>\n\t\t\t\t\t<\/div>\n\t\t<\/div>\n\t\t\t\t\t<\/div>\n\t\t<\/section>\n\t\t\t\t<section class=\"elementor-section elementor-top-section elementor-element elementor-element-f5d182a elementor-section-boxed elementor-section-height-default elementor-section-height-default\" data-id=\"f5d182a\" data-element_type=\"section\" data-e-type=\"section\">\n\t\t\t\t\t\t<div class=\"elementor-container elementor-column-gap-default\">\n\t\t\t\t\t<div class=\"elementor-column elementor-col-100 elementor-top-column elementor-element elementor-element-6f9a096\" data-id=\"6f9a096\" data-element_type=\"column\" data-e-type=\"column\">\n\t\t\t<div class=\"elementor-widget-wrap elementor-element-populated\">\n\t\t\t\t\t\t<div class=\"elementor-element elementor-element-2cd8929 elementor-widget elementor-widget-image\" data-id=\"2cd8929\" data-element_type=\"widget\" data-e-type=\"widget\" data-widget_type=\"image.default\">\n\t\t\t\t<div class=\"elementor-widget-container\">\n\t\t\t\t\t\t\t\t\t\t\t\t\t\t\t<img decoding=\"async\" width=\"442\" height=\"117\" src=\"https:\/\/shoponlineshop.site\/wp-content\/uploads\/2024\/09\/Screenshot_2024-09-25_19.30.02-removebg-preview.png\" class=\"attachment-large size-large wp-image-1627\" alt=\"\" srcset=\"https:\/\/shoponlineshop.site\/wp-content\/uploads\/2024\/09\/Screenshot_2024-09-25_19.30.02-removebg-preview.png 442w, https:\/\/shoponlineshop.site\/wp-content\/uploads\/2024\/09\/Screenshot_2024-09-25_19.30.02-removebg-preview-300x79.png 300w\" sizes=\"(max-width: 442px) 100vw, 442px\" \/>\t\t\t\t\t\t\t\t\t\t\t\t\t\t\t<\/div>\n\t\t\t\t<\/div>\n\t\t\t\t\t<\/div>\n\t\t<\/div>\n\t\t\t\t\t<\/div>\n\t\t<\/section>\n\t\t\t\t<section class=\"elementor-section elementor-top-section elementor-element elementor-element-3ba6cd0 elementor-section-boxed elementor-section-height-default elementor-section-height-default\" data-id=\"3ba6cd0\" data-element_type=\"section\" data-e-type=\"section\">\n\t\t\t\t\t\t<div class=\"elementor-container elementor-column-gap-default\">\n\t\t\t\t\t<div class=\"elementor-column elementor-col-100 elementor-top-column elementor-element elementor-element-5a19c0b\" data-id=\"5a19c0b\" data-element_type=\"column\" data-e-type=\"column\">\n\t\t\t<div class=\"elementor-widget-wrap elementor-element-populated\">\n\t\t\t\t\t\t<div class=\"elementor-element elementor-element-28ae035 elementor-widget elementor-widget-heading\" data-id=\"28ae035\" data-element_type=\"widget\" data-e-type=\"widget\" data-widget_type=\"heading.default\">\n\t\t\t\t<div class=\"elementor-widget-container\">\n\t\t\t\t\t<h2 class=\"elementor-heading-title elementor-size-default\">Aviso legal: Isso n\u00e3o \u00e9 uma prescri\u00e7\u00e3o m\u00e9dica, consulte seu m\u00e9dico de confian\u00e7a. InsuBeta \u00e9 aprovado pelas normas RDC 240\/18 da Anvisa e por se tratar de um produto natural fica isento de registro. <\/h2>\t\t\t\t<\/div>\n\t\t\t\t<\/div>\n\t\t\t\t\t<\/div>\n\t\t<\/div>\n\t\t\t\t\t<\/div>\n\t\t<\/section>\n\t\t\t\t<section class=\"elementor-section elementor-top-section elementor-element elementor-element-33ec92b elementor-section-boxed elementor-section-height-default elementor-section-height-default\" data-id=\"33ec92b\" data-element_type=\"section\" data-e-type=\"section\">\n\t\t\t\t\t\t<div class=\"elementor-container elementor-column-gap-default\">\n\t\t\t\t\t<div class=\"elementor-column elementor-col-100 elementor-top-column elementor-element elementor-element-ad9fb9b\" data-id=\"ad9fb9b\" data-element_type=\"column\" data-e-type=\"column\">\n\t\t\t<div class=\"elementor-widget-wrap elementor-element-populated\">\n\t\t\t\t\t\t<div class=\"elementor-element elementor-element-4b6ba59 elementor-widget elementor-widget-heading\" data-id=\"4b6ba59\" data-element_type=\"widget\" data-e-type=\"widget\" data-widget_type=\"heading.default\">\n\t\t\t\t<div class=\"elementor-widget-container\">\n\t\t\t\t\t<h2 class=\"elementor-heading-title elementor-size-default\"><a href=\"https:\/\/insubeta.com\/politicas-de-privacidade\/\">Pol\u00edticas de Privacidade<\/a><\/h2>\t\t\t\t<\/div>\n\t\t\t\t<\/div>\n\t\t\t\t\t<\/div>\n\t\t<\/div>\n\t\t\t\t\t<\/div>\n\t\t<\/section>\n\t\t\t\t<\/div>\n\t\t","protected":false},"excerpt":{"rendered":"<p>aten\u00e7\u00e3o: devido a alta procura o estoque est\u00e1 limitado em apenas 1 compra por cliente COMPRE EM 12X + FRETE GR\u00c1TIS + 90 DIAS DE GARANTIA QUERO TODOS OS BENEF\u00cdCIOS Aviso legal: Isso n\u00e3o \u00e9 uma prescri\u00e7\u00e3o m\u00e9dica, consulte seu m\u00e9dico de confian\u00e7a. InsuBeta \u00e9 aprovado pelas normas RDC 240\/18 da Anvisa e por se &hellip;<\/p>\n<p class=\"read-more\"> <a class=\"\" href=\"https:\/\/shoponlineshop.site\/index.php\/insubeta\/\"> <span class=\"screen-reader-text\">InsuBeta<\/span> Read More &raquo;<\/a><\/p>\n","protected":false},"author":1,"featured_media":0,"parent":0,"menu_order":0,"comment_status":"closed","ping_status":"closed","template":"elementor_canvas","meta":{"site-sidebar-layout":"no-sidebar","site-content-layout":"page-builder","ast-global-header-display":"","ast-banner-title-visibility":"","ast-main-header-display":"","ast-hfb-above-header-display":"","ast-hfb-below-header-display":"","ast-hfb-mobile-header-display":"","site-post-title":"disabled","ast-breadcrumbs-content":"","ast-featured-img":"disabled","footer-sml-layout":"","theme-transparent-header-meta":"","adv-header-id-meta":"","stick-header-meta":"","header-above-stick-meta":"","header-main-stick-meta":"","header-below-stick-meta":"","footnotes":""},"class_list":["post-1796","page","type-page","status-publish","hentry"],"_links":{"self":[{"href":"https:\/\/shoponlineshop.site\/index.php\/wp-json\/wp\/v2\/pages\/1796","targetHints":{"allow":["GET"]}}],"collection":[{"href":"https:\/\/shoponlineshop.site\/index.php\/wp-json\/wp\/v2\/pages"}],"about":[{"href":"https:\/\/shoponlineshop.site\/index.php\/wp-json\/wp\/v2\/types\/page"}],"author":[{"embeddable":true,"href":"https:\/\/shoponlineshop.site\/index.php\/wp-json\/wp\/v2\/users\/1"}],"replies":[{"embeddable":true,"href":"https:\/\/shoponlineshop.site\/index.php\/wp-json\/wp\/v2\/comments?post=1796"}],"version-history":[{"count":18,"href":"https:\/\/shoponlineshop.site\/index.php\/wp-json\/wp\/v2\/pages\/1796\/revisions"}],"predecessor-version":[{"id":1822,"href":"https:\/\/shoponlineshop.site\/index.php\/wp-json\/wp\/v2\/pages\/1796\/revisions\/1822"}],"wp:attachment":[{"href":"https:\/\/shoponlineshop.site\/index.php\/wp-json\/wp\/v2\/media?parent=1796"}],"curies":[{"name":"wp","href":"https:\/\/api.w.org\/{rel}","templated":true}]}}