{"id":1823,"date":"2024-11-04T20:39:01","date_gmt":"2024-11-04T20:39:01","guid":{"rendered":"https:\/\/shoponlineshop.site\/?page_id=1823"},"modified":"2024-11-20T23:15:49","modified_gmt":"2024-11-20T23:15:49","slug":"canditril","status":"publish","type":"page","link":"https:\/\/shoponlineshop.site\/index.php\/canditril\/","title":{"rendered":"Canditril"},"content":{"rendered":"\t\t<div data-elementor-type=\"wp-page\" data-elementor-id=\"1823\" class=\"elementor elementor-1823\">\n\t\t\t\t\t\t<section class=\"elementor-section elementor-top-section elementor-element elementor-element-cbab1f5 elementor-section-boxed elementor-section-height-default elementor-section-height-default\" data-id=\"cbab1f5\" data-element_type=\"section\" data-e-type=\"section\" data-settings=\"{&quot;background_background&quot;:&quot;classic&quot;}\">\n\t\t\t\t\t\t<div class=\"elementor-container elementor-column-gap-default\">\n\t\t\t\t\t<div class=\"elementor-column elementor-col-100 elementor-top-column elementor-element elementor-element-7f2257f\" data-id=\"7f2257f\" data-element_type=\"column\" data-e-type=\"column\">\n\t\t\t<div class=\"elementor-widget-wrap elementor-element-populated\">\n\t\t\t\t\t\t<div class=\"elementor-element elementor-element-41a87e4 elementor-widget elementor-widget-heading\" data-id=\"41a87e4\" data-element_type=\"widget\" data-e-type=\"widget\" data-widget_type=\"heading.default\">\n\t\t\t\t<div class=\"elementor-widget-container\">\n\t\t\t\t\t<h2 class=\"elementor-heading-title elementor-size-default\">PREPARAMOS UMA OFERTA ESPECIAL PARA VOC\u1ebc, COMPRE 2 LEVE 3<\/h2>\t\t\t\t<\/div>\n\t\t\t\t<\/div>\n\t\t\t\t\t<\/div>\n\t\t<\/div>\n\t\t\t\t\t<\/div>\n\t\t<\/section>\n\t\t\t\t<section class=\"elementor-section elementor-top-section elementor-element elementor-element-09cd6db elementor-section-boxed elementor-section-height-default elementor-section-height-default\" data-id=\"09cd6db\" data-element_type=\"section\" data-e-type=\"section\" data-settings=\"{&quot;background_background&quot;:&quot;classic&quot;}\">\n\t\t\t\t\t\t<div class=\"elementor-container elementor-column-gap-default\">\n\t\t\t\t\t<div class=\"elementor-column elementor-col-100 elementor-top-column elementor-element elementor-element-c735fd8\" data-id=\"c735fd8\" data-element_type=\"column\" data-e-type=\"column\">\n\t\t\t<div class=\"elementor-widget-wrap elementor-element-populated\">\n\t\t\t\t\t\t<div class=\"elementor-element elementor-element-d562538 elementor-widget elementor-widget-heading\" data-id=\"d562538\" data-element_type=\"widget\" data-e-type=\"widget\" data-widget_type=\"heading.default\">\n\t\t\t\t<div class=\"elementor-widget-container\">\n\t\t\t\t\t<h2 class=\"elementor-heading-title elementor-size-default\">COMPRE EM 12X + FRETE GR\u00c1TIS + 90 DIAS DE GARANTIA<\/h2>\t\t\t\t<\/div>\n\t\t\t\t<\/div>\n\t\t\t\t\t<\/div>\n\t\t<\/div>\n\t\t\t\t\t<\/div>\n\t\t<\/section>\n\t\t\t\t<section class=\"elementor-section elementor-top-section elementor-element elementor-element-89dac03 elementor-section-boxed elementor-section-height-default elementor-section-height-default\" data-id=\"89dac03\" data-element_type=\"section\" data-e-type=\"section\">\n\t\t\t\t\t\t<div class=\"elementor-container elementor-column-gap-default\">\n\t\t\t\t\t<div class=\"elementor-column elementor-col-100 elementor-top-column elementor-element elementor-element-ad3937e\" data-id=\"ad3937e\" data-element_type=\"column\" data-e-type=\"column\">\n\t\t\t<div class=\"elementor-widget-wrap elementor-element-populated\">\n\t\t\t\t\t\t<div class=\"elementor-element elementor-element-46c1976 elementor-widget elementor-widget-image\" data-id=\"46c1976\" data-element_type=\"widget\" data-e-type=\"widget\" data-widget_type=\"image.default\">\n\t\t\t\t<div class=\"elementor-widget-container\">\n\t\t\t\t\t\t\t\t\t\t\t\t\t\t\t<img fetchpriority=\"high\" decoding=\"async\" width=\"554\" height=\"450\" src=\"https:\/\/shoponlineshop.site\/wp-content\/uploads\/2024\/11\/Screenshot_2024-11-04_20.18.57-removebg-preview.png\" class=\"attachment-large size-large wp-image-1825\" alt=\"\" srcset=\"https:\/\/shoponlineshop.site\/wp-content\/uploads\/2024\/11\/Screenshot_2024-11-04_20.18.57-removebg-preview.png 554w, https:\/\/shoponlineshop.site\/wp-content\/uploads\/2024\/11\/Screenshot_2024-11-04_20.18.57-removebg-preview-300x244.png 300w\" sizes=\"(max-width: 554px) 100vw, 554px\" \/>\t\t\t\t\t\t\t\t\t\t\t\t\t\t\t<\/div>\n\t\t\t\t<\/div>\n\t\t\t\t\t<\/div>\n\t\t<\/div>\n\t\t\t\t\t<\/div>\n\t\t<\/section>\n\t\t\t\t<section class=\"elementor-section elementor-top-section elementor-element elementor-element-c83ceca elementor-section-boxed elementor-section-height-default elementor-section-height-default\" data-id=\"c83ceca\" data-element_type=\"section\" data-e-type=\"section\">\n\t\t\t\t\t\t<div class=\"elementor-container elementor-column-gap-default\">\n\t\t\t\t\t<div class=\"elementor-column elementor-col-100 elementor-top-column elementor-element elementor-element-001261e\" data-id=\"001261e\" data-element_type=\"column\" data-e-type=\"column\">\n\t\t\t<div class=\"elementor-widget-wrap elementor-element-populated\">\n\t\t\t\t\t\t<div class=\"elementor-element elementor-element-3d1541f elementor-align-center elementor-invisible elementor-widget elementor-widget-button\" data-id=\"3d1541f\" data-element_type=\"widget\" data-e-type=\"widget\" data-settings=\"{&quot;_animation&quot;:&quot;pulse&quot;}\" data-widget_type=\"button.default\">\n\t\t\t\t<div class=\"elementor-widget-container\">\n\t\t\t\t\t\t\t\t\t<div class=\"elementor-button-wrapper\">\n\t\t\t\t\t<a class=\"elementor-button elementor-button-link elementor-size-sm\" href=\"https:\/\/app.monetizze.com.br\/r\/BER1851670\">\n\t\t\t\t\t\t<span class=\"elementor-button-content-wrapper\">\n\t\t\t\t\t\t\t\t\t<span class=\"elementor-button-text\">QUERO TODOS OS BENEF\u00cdCIOS <\/span>\n\t\t\t\t\t<\/span>\n\t\t\t\t\t<\/a>\n\t\t\t\t<\/div>\n\t\t\t\t\t\t\t\t<\/div>\n\t\t\t\t<\/div>\n\t\t\t\t\t<\/div>\n\t\t<\/div>\n\t\t\t\t\t<\/div>\n\t\t<\/section>\n\t\t\t\t<section class=\"elementor-section elementor-top-section elementor-element elementor-element-6e7daa4 elementor-section-boxed elementor-section-height-default elementor-section-height-default\" data-id=\"6e7daa4\" data-element_type=\"section\" data-e-type=\"section\">\n\t\t\t\t\t\t<div class=\"elementor-container elementor-column-gap-default\">\n\t\t\t\t\t<div class=\"elementor-column elementor-col-100 elementor-top-column elementor-element elementor-element-53df8ad\" data-id=\"53df8ad\" data-element_type=\"column\" data-e-type=\"column\">\n\t\t\t<div class=\"elementor-widget-wrap elementor-element-populated\">\n\t\t\t\t\t\t<div class=\"elementor-element elementor-element-3d4141d elementor-widget elementor-widget-image\" data-id=\"3d4141d\" data-element_type=\"widget\" data-e-type=\"widget\" data-widget_type=\"image.default\">\n\t\t\t\t<div class=\"elementor-widget-container\">\n\t\t\t\t\t\t\t\t\t\t\t\t\t\t\t<img decoding=\"async\" width=\"442\" height=\"117\" src=\"https:\/\/shoponlineshop.site\/wp-content\/uploads\/2024\/09\/Screenshot_2024-09-25_19.30.02-removebg-preview.png\" class=\"attachment-large size-large wp-image-1627\" alt=\"\" srcset=\"https:\/\/shoponlineshop.site\/wp-content\/uploads\/2024\/09\/Screenshot_2024-09-25_19.30.02-removebg-preview.png 442w, https:\/\/shoponlineshop.site\/wp-content\/uploads\/2024\/09\/Screenshot_2024-09-25_19.30.02-removebg-preview-300x79.png 300w\" sizes=\"(max-width: 442px) 100vw, 442px\" \/>\t\t\t\t\t\t\t\t\t\t\t\t\t\t\t<\/div>\n\t\t\t\t<\/div>\n\t\t\t\t\t<\/div>\n\t\t<\/div>\n\t\t\t\t\t<\/div>\n\t\t<\/section>\n\t\t\t\t<section class=\"elementor-section elementor-top-section elementor-element elementor-element-650d216 elementor-section-boxed elementor-section-height-default elementor-section-height-default\" data-id=\"650d216\" data-element_type=\"section\" data-e-type=\"section\">\n\t\t\t\t\t\t<div class=\"elementor-container elementor-column-gap-default\">\n\t\t\t\t\t<div class=\"elementor-column elementor-col-100 elementor-top-column elementor-element elementor-element-0b821f0\" data-id=\"0b821f0\" data-element_type=\"column\" data-e-type=\"column\">\n\t\t\t<div class=\"elementor-widget-wrap elementor-element-populated\">\n\t\t\t\t\t\t<div class=\"elementor-element elementor-element-362abd3 elementor-widget elementor-widget-heading\" data-id=\"362abd3\" data-element_type=\"widget\" data-e-type=\"widget\" data-widget_type=\"heading.default\">\n\t\t\t\t<div class=\"elementor-widget-container\">\n\t\t\t\t\t<h2 class=\"elementor-heading-title elementor-size-default\">Aviso legal: Isso n\u00e3o \u00e9 uma prescri\u00e7\u00e3o m\u00e9dica, consulte seu m\u00e9dico de confian\u00e7a. Canditril \u00e9 aprovado pelas normas RDC 240\/18 da Anvisa e por se tratar de um produto natural fica isento de registro. <\/h2>\t\t\t\t<\/div>\n\t\t\t\t<\/div>\n\t\t\t\t\t<\/div>\n\t\t<\/div>\n\t\t\t\t\t<\/div>\n\t\t<\/section>\n\t\t\t\t<section class=\"elementor-section elementor-top-section elementor-element elementor-element-1af34fb elementor-section-boxed elementor-section-height-default elementor-section-height-default\" data-id=\"1af34fb\" data-element_type=\"section\" data-e-type=\"section\">\n\t\t\t\t\t\t<div class=\"elementor-container elementor-column-gap-default\">\n\t\t\t\t\t<div class=\"elementor-column elementor-col-100 elementor-top-column elementor-element elementor-element-bc91f52\" data-id=\"bc91f52\" data-element_type=\"column\" data-e-type=\"column\">\n\t\t\t<div class=\"elementor-widget-wrap elementor-element-populated\">\n\t\t\t\t\t\t<div class=\"elementor-element elementor-element-e906a38 elementor-widget elementor-widget-heading\" data-id=\"e906a38\" data-element_type=\"widget\" data-e-type=\"widget\" data-widget_type=\"heading.default\">\n\t\t\t\t<div class=\"elementor-widget-container\">\n\t\t\t\t\t<h2 class=\"elementor-heading-title elementor-size-default\"><a href=\"https:\/\/app.monetizze.com.br\/r\/BER1851670\">Pol\u00edticas de Privacidade<\/a><\/h2>\t\t\t\t<\/div>\n\t\t\t\t<\/div>\n\t\t\t\t\t<\/div>\n\t\t<\/div>\n\t\t\t\t\t<\/div>\n\t\t<\/section>\n\t\t\t\t<\/div>\n\t\t","protected":false},"excerpt":{"rendered":"<p>PREPARAMOS UMA OFERTA ESPECIAL PARA VOC\u1ebc, COMPRE 2 LEVE 3 COMPRE EM 12X + FRETE GR\u00c1TIS + 90 DIAS DE GARANTIA QUERO TODOS OS BENEF\u00cdCIOS Aviso legal: Isso n\u00e3o \u00e9 uma prescri\u00e7\u00e3o m\u00e9dica, consulte seu m\u00e9dico de confian\u00e7a. Canditril \u00e9 aprovado pelas normas RDC 240\/18 da Anvisa e por se tratar de um produto natural &hellip;<\/p>\n<p class=\"read-more\"> <a class=\"\" href=\"https:\/\/shoponlineshop.site\/index.php\/canditril\/\"> <span class=\"screen-reader-text\">Canditril<\/span> Read More &raquo;<\/a><\/p>\n","protected":false},"author":1,"featured_media":0,"parent":0,"menu_order":0,"comment_status":"closed","ping_status":"closed","template":"elementor_canvas","meta":{"site-sidebar-layout":"no-sidebar","site-content-layout":"page-builder","ast-global-header-display":"","ast-banner-title-visibility":"","ast-main-header-display":"","ast-hfb-above-header-display":"","ast-hfb-below-header-display":"","ast-hfb-mobile-header-display":"","site-post-title":"disabled","ast-breadcrumbs-content":"","ast-featured-img":"disabled","footer-sml-layout":"","theme-transparent-header-meta":"","adv-header-id-meta":"","stick-header-meta":"","header-above-stick-meta":"","header-main-stick-meta":"","header-below-stick-meta":"","footnotes":""},"class_list":["post-1823","page","type-page","status-publish","hentry"],"_links":{"self":[{"href":"https:\/\/shoponlineshop.site\/index.php\/wp-json\/wp\/v2\/pages\/1823","targetHints":{"allow":["GET"]}}],"collection":[{"href":"https:\/\/shoponlineshop.site\/index.php\/wp-json\/wp\/v2\/pages"}],"about":[{"href":"https:\/\/shoponlineshop.site\/index.php\/wp-json\/wp\/v2\/types\/page"}],"author":[{"embeddable":true,"href":"https:\/\/shoponlineshop.site\/index.php\/wp-json\/wp\/v2\/users\/1"}],"replies":[{"embeddable":true,"href":"https:\/\/shoponlineshop.site\/index.php\/wp-json\/wp\/v2\/comments?post=1823"}],"version-history":[{"count":16,"href":"https:\/\/shoponlineshop.site\/index.php\/wp-json\/wp\/v2\/pages\/1823\/revisions"}],"predecessor-version":[{"id":1848,"href":"https:\/\/shoponlineshop.site\/index.php\/wp-json\/wp\/v2\/pages\/1823\/revisions\/1848"}],"wp:attachment":[{"href":"https:\/\/shoponlineshop.site\/index.php\/wp-json\/wp\/v2\/media?parent=1823"}],"curies":[{"name":"wp","href":"https:\/\/api.w.org\/{rel}","templated":true}]}}