{"id":1861,"date":"2025-01-03T21:29:47","date_gmt":"2025-01-03T21:29:47","guid":{"rendered":"https:\/\/shoponlineshop.site\/?page_id=1861"},"modified":"2025-01-03T23:17:57","modified_gmt":"2025-01-03T23:17:57","slug":"fabio-lima","status":"publish","type":"page","link":"https:\/\/shoponlineshop.site\/index.php\/fabio-lima\/","title":{"rendered":"Fabio Lima"},"content":{"rendered":"\t\t<div data-elementor-type=\"wp-page\" data-elementor-id=\"1861\" class=\"elementor elementor-1861\">\n\t\t\t\t\t\t<section class=\"elementor-section elementor-top-section elementor-element elementor-element-67e8926 elementor-section-boxed elementor-section-height-default elementor-section-height-default\" data-id=\"67e8926\" data-element_type=\"section\" data-e-type=\"section\" data-settings=\"{&quot;background_background&quot;:&quot;classic&quot;}\">\n\t\t\t\t\t\t<div class=\"elementor-container elementor-column-gap-default\">\n\t\t\t\t\t<div class=\"elementor-column elementor-col-100 elementor-top-column elementor-element elementor-element-3974498\" data-id=\"3974498\" data-element_type=\"column\" data-e-type=\"column\">\n\t\t\t<div class=\"elementor-widget-wrap elementor-element-populated\">\n\t\t\t\t\t\t<div class=\"elementor-element elementor-element-1844409 elementor-widget elementor-widget-heading\" data-id=\"1844409\" data-element_type=\"widget\" data-e-type=\"widget\" data-widget_type=\"heading.default\">\n\t\t\t\t<div class=\"elementor-widget-container\">\n\t\t\t\t\t<h2 class=\"elementor-heading-title elementor-size-default\">Aproveite o MEGA DESCONTO<\/h2>\t\t\t\t<\/div>\n\t\t\t\t<\/div>\n\t\t\t\t\t<\/div>\n\t\t<\/div>\n\t\t\t\t\t<\/div>\n\t\t<\/section>\n\t\t\t\t<section class=\"elementor-section elementor-top-section elementor-element elementor-element-4af3d22 elementor-section-boxed elementor-section-height-default elementor-section-height-default\" data-id=\"4af3d22\" data-element_type=\"section\" data-e-type=\"section\" data-settings=\"{&quot;background_background&quot;:&quot;classic&quot;}\">\n\t\t\t\t\t\t<div class=\"elementor-container elementor-column-gap-default\">\n\t\t\t\t\t<div class=\"elementor-column elementor-col-100 elementor-top-column elementor-element elementor-element-a5a643e\" data-id=\"a5a643e\" data-element_type=\"column\" data-e-type=\"column\">\n\t\t\t<div class=\"elementor-widget-wrap elementor-element-populated\">\n\t\t\t\t\t\t<div class=\"elementor-element elementor-element-859a56e elementor-widget elementor-widget-heading\" data-id=\"859a56e\" data-element_type=\"widget\" data-e-type=\"widget\" data-widget_type=\"heading.default\">\n\t\t\t\t<div class=\"elementor-widget-container\">\n\t\t\t\t\t<h2 class=\"elementor-heading-title elementor-size-default\">COMPRE EM 12X + ACESSO IMEDIATO + 7 DIAS DE GARANTIA<\/h2>\t\t\t\t<\/div>\n\t\t\t\t<\/div>\n\t\t\t\t\t<\/div>\n\t\t<\/div>\n\t\t\t\t\t<\/div>\n\t\t<\/section>\n\t\t\t\t<section class=\"elementor-section elementor-top-section elementor-element elementor-element-60ef381 elementor-section-boxed elementor-section-height-default elementor-section-height-default\" data-id=\"60ef381\" data-element_type=\"section\" data-e-type=\"section\" data-settings=\"{&quot;background_background&quot;:&quot;classic&quot;}\">\n\t\t\t\t\t\t<div class=\"elementor-container elementor-column-gap-default\">\n\t\t\t\t\t<div class=\"elementor-column elementor-col-100 elementor-top-column elementor-element elementor-element-b72e28a\" data-id=\"b72e28a\" data-element_type=\"column\" data-e-type=\"column\">\n\t\t\t<div class=\"elementor-widget-wrap elementor-element-populated\">\n\t\t\t\t\t\t<div class=\"elementor-element elementor-element-2b64d31 elementor-widget elementor-widget-image\" data-id=\"2b64d31\" data-element_type=\"widget\" data-e-type=\"widget\" data-widget_type=\"image.default\">\n\t\t\t\t<div class=\"elementor-widget-container\">\n\t\t\t\t\t\t\t\t\t\t\t\t\t\t\t\t<a href=\"https:\/\/go.hotmart.com\/S97334750K\">\n\t\t\t\t\t\t\t<img fetchpriority=\"high\" decoding=\"async\" width=\"831\" height=\"459\" src=\"https:\/\/shoponlineshop.site\/wp-content\/uploads\/2025\/01\/Screenshot-2025-01-03-20.58.19.png\" class=\"attachment-large size-large wp-image-1866\" alt=\"\" srcset=\"https:\/\/shoponlineshop.site\/wp-content\/uploads\/2025\/01\/Screenshot-2025-01-03-20.58.19.png 831w, https:\/\/shoponlineshop.site\/wp-content\/uploads\/2025\/01\/Screenshot-2025-01-03-20.58.19-300x166.png 300w, https:\/\/shoponlineshop.site\/wp-content\/uploads\/2025\/01\/Screenshot-2025-01-03-20.58.19-768x424.png 768w, https:\/\/shoponlineshop.site\/wp-content\/uploads\/2025\/01\/Screenshot-2025-01-03-20.58.19-600x331.png 600w\" sizes=\"(max-width: 831px) 100vw, 831px\" \/>\t\t\t\t\t\t\t\t<\/a>\n\t\t\t\t\t\t\t\t\t\t\t\t\t\t\t<\/div>\n\t\t\t\t<\/div>\n\t\t\t\t\t<\/div>\n\t\t<\/div>\n\t\t\t\t\t<\/div>\n\t\t<\/section>\n\t\t\t\t<section class=\"elementor-section elementor-top-section elementor-element elementor-element-cc3bc66 elementor-section-boxed elementor-section-height-default elementor-section-height-default\" data-id=\"cc3bc66\" data-element_type=\"section\" data-e-type=\"section\">\n\t\t\t\t\t\t<div class=\"elementor-container elementor-column-gap-default\">\n\t\t\t\t\t<div class=\"elementor-column elementor-col-100 elementor-top-column elementor-element elementor-element-8a4a381\" data-id=\"8a4a381\" data-element_type=\"column\" data-e-type=\"column\">\n\t\t\t<div class=\"elementor-widget-wrap elementor-element-populated\">\n\t\t\t\t\t\t<div class=\"elementor-element elementor-element-2daf85a elementor-widget elementor-widget-image\" data-id=\"2daf85a\" data-element_type=\"widget\" data-e-type=\"widget\" data-widget_type=\"image.default\">\n\t\t\t\t<div class=\"elementor-widget-container\">\n\t\t\t\t\t\t\t\t\t\t\t\t\t\t\t<img decoding=\"async\" width=\"300\" height=\"79\" src=\"https:\/\/shoponlineshop.site\/wp-content\/uploads\/2024\/09\/Screenshot_2024-09-25_19.30.02-removebg-preview-300x79.png\" class=\"attachment-medium size-medium wp-image-1627\" alt=\"\" srcset=\"https:\/\/shoponlineshop.site\/wp-content\/uploads\/2024\/09\/Screenshot_2024-09-25_19.30.02-removebg-preview-300x79.png 300w, https:\/\/shoponlineshop.site\/wp-content\/uploads\/2024\/09\/Screenshot_2024-09-25_19.30.02-removebg-preview.png 442w\" sizes=\"(max-width: 300px) 100vw, 300px\" \/>\t\t\t\t\t\t\t\t\t\t\t\t\t\t\t<\/div>\n\t\t\t\t<\/div>\n\t\t\t\t\t<\/div>\n\t\t<\/div>\n\t\t\t\t\t<\/div>\n\t\t<\/section>\n\t\t\t\t<section class=\"elementor-section elementor-top-section elementor-element elementor-element-a6725f0 elementor-section-boxed elementor-section-height-default elementor-section-height-default\" data-id=\"a6725f0\" data-element_type=\"section\" data-e-type=\"section\">\n\t\t\t\t\t\t<div class=\"elementor-container elementor-column-gap-default\">\n\t\t\t\t\t<div class=\"elementor-column elementor-col-100 elementor-top-column elementor-element elementor-element-828ab3b\" data-id=\"828ab3b\" data-element_type=\"column\" data-e-type=\"column\">\n\t\t\t<div class=\"elementor-widget-wrap elementor-element-populated\">\n\t\t\t\t\t\t<div class=\"elementor-element elementor-element-9c85187 elementor-widget elementor-widget-heading\" data-id=\"9c85187\" data-element_type=\"widget\" data-e-type=\"widget\" data-widget_type=\"heading.default\">\n\t\t\t\t<div class=\"elementor-widget-container\">\n\t\t\t\t\t<h2 class=\"elementor-heading-title elementor-size-default\">Aviso Legal: Resultados individuais podem variar. Conte\u00fado sujeito a altera\u00e7\u00f5es. Esse \ncurso n\u00e3o \u00e9 necess\u00e1rio acesso \u00e0 internet.<\/h2>\t\t\t\t<\/div>\n\t\t\t\t<\/div>\n\t\t\t\t\t<\/div>\n\t\t<\/div>\n\t\t\t\t\t<\/div>\n\t\t<\/section>\n\t\t\t\t<section class=\"elementor-section elementor-top-section elementor-element elementor-element-ca09214 elementor-section-boxed elementor-section-height-default elementor-section-height-default\" data-id=\"ca09214\" data-element_type=\"section\" data-e-type=\"section\">\n\t\t\t\t\t\t<div class=\"elementor-container elementor-column-gap-default\">\n\t\t\t\t\t<div class=\"elementor-column elementor-col-100 elementor-top-column elementor-element elementor-element-d70566e\" data-id=\"d70566e\" data-element_type=\"column\" data-e-type=\"column\">\n\t\t\t<div class=\"elementor-widget-wrap elementor-element-populated\">\n\t\t\t\t\t\t<div class=\"elementor-element elementor-element-724692a elementor-widget elementor-widget-heading\" data-id=\"724692a\" data-element_type=\"widget\" data-e-type=\"widget\" data-widget_type=\"heading.default\">\n\t\t\t\t<div class=\"elementor-widget-container\">\n\t\t\t\t\t<h2 class=\"elementor-heading-title elementor-size-default\"><a href=\"https:\/\/go.hotmart.com\/S97334750K\">Pol\u00edticas de Privacidade<\/a><\/h2>\t\t\t\t<\/div>\n\t\t\t\t<\/div>\n\t\t\t\t\t<\/div>\n\t\t<\/div>\n\t\t\t\t\t<\/div>\n\t\t<\/section>\n\t\t\t\t<\/div>\n\t\t","protected":false},"excerpt":{"rendered":"<p>Aproveite o MEGA DESCONTO COMPRE EM 12X + ACESSO IMEDIATO + 7 DIAS DE GARANTIA Aviso Legal: Resultados individuais podem variar. Conte\u00fado sujeito a altera\u00e7\u00f5es. Esse curso n\u00e3o \u00e9 necess\u00e1rio acesso \u00e0 internet. Pol\u00edticas de Privacidade<\/p>\n","protected":false},"author":1,"featured_media":0,"parent":0,"menu_order":0,"comment_status":"closed","ping_status":"closed","template":"elementor_canvas","meta":{"site-sidebar-layout":"no-sidebar","site-content-layout":"page-builder","ast-global-header-display":"","ast-banner-title-visibility":"","ast-main-header-display":"","ast-hfb-above-header-display":"","ast-hfb-below-header-display":"","ast-hfb-mobile-header-display":"","site-post-title":"disabled","ast-breadcrumbs-content":"","ast-featured-img":"disabled","footer-sml-layout":"","theme-transparent-header-meta":"","adv-header-id-meta":"","stick-header-meta":"","header-above-stick-meta":"","header-main-stick-meta":"","header-below-stick-meta":"","footnotes":""},"class_list":["post-1861","page","type-page","status-publish","hentry"],"_links":{"self":[{"href":"https:\/\/shoponlineshop.site\/index.php\/wp-json\/wp\/v2\/pages\/1861","targetHints":{"allow":["GET"]}}],"collection":[{"href":"https:\/\/shoponlineshop.site\/index.php\/wp-json\/wp\/v2\/pages"}],"about":[{"href":"https:\/\/shoponlineshop.site\/index.php\/wp-json\/wp\/v2\/types\/page"}],"author":[{"embeddable":true,"href":"https:\/\/shoponlineshop.site\/index.php\/wp-json\/wp\/v2\/users\/1"}],"replies":[{"embeddable":true,"href":"https:\/\/shoponlineshop.site\/index.php\/wp-json\/wp\/v2\/comments?post=1861"}],"version-history":[{"count":10,"href":"https:\/\/shoponlineshop.site\/index.php\/wp-json\/wp\/v2\/pages\/1861\/revisions"}],"predecessor-version":[{"id":1875,"href":"https:\/\/shoponlineshop.site\/index.php\/wp-json\/wp\/v2\/pages\/1861\/revisions\/1875"}],"wp:attachment":[{"href":"https:\/\/shoponlineshop.site\/index.php\/wp-json\/wp\/v2\/media?parent=1861"}],"curies":[{"name":"wp","href":"https:\/\/api.w.org\/{rel}","templated":true}]}}